{"id":1559,"date":"2023-06-08T23:05:11","date_gmt":"2023-06-08T21:05:11","guid":{"rendered":"https:\/\/finsamorebrolan.se\/lekeberg-orebro\/?page_id=1559"},"modified":"2023-06-09T12:10:54","modified_gmt":"2023-06-09T10:10:54","slug":"rapporter","status":"publish","type":"page","link":"https:\/\/finsamorebrolan.se\/lekeberg-orebro\/rapporter\/","title":{"rendered":"Rapporter"},"content":{"rendered":"\n<div class=\"wp-block-columns is-layout-flex wp-container-core-columns-is-layout-7387b849 wp-block-columns-is-layout-flex\">\n<div class=\"wp-block-column is-layout-flow wp-block-column-is-layout-flow\">\n<div class=\"wp-block-file\"><a id=\"wp-block-file--media-56812935-e726-4788-9847-6a8671f25cba\" href=\"https:\/\/finsamorebrolan.se\/lekeberg-orebro\/wp-content\/uploads\/sites\/2\/2023\/06\/Rapport-Malgrupps-och-behovsanalys-Finsam-Lekeberg-och-Orebro-2020.pdf\" target=\"_blank\" rel=\"noreferrer noopener\">M\u00e5lgrupps- och behovsanalys, Finsam Lekeberg och \u00d6rebro 2020<\/a><\/div>\n\n\n\n<div class=\"wp-block-file\"><a id=\"wp-block-file--media-855e8230-9bd4-4fd0-aecf-e8d37f592385\" href=\"https:\/\/finsamorebrolan.se\/lekeberg-orebro\/wp-content\/uploads\/sites\/2\/2023\/06\/Rapport-Vagen-mot-sjalvforsorjning-Lekebergs-kommun-2020.pdf\" target=\"_blank\" rel=\"noreferrer noopener\">V\u00e4gen mot sj\u00e4lvf\u00f6rs\u00f6rjning, Lekebergs kommun 2020<\/a><\/div>\n\n\n\n<div class=\"wp-block-file\"><a id=\"wp-block-file--media-e387b8bb-fa77-4eff-929b-c734120b3c9c\" href=\"https:\/\/finsamorebrolan.se\/lekeberg-orebro\/wp-content\/uploads\/sites\/2\/2023\/06\/Rapport-Unga-vuxna-med-aktivitetsersattning-en-behovsinventering-FK-2019.pdf\" target=\"_blank\" rel=\"noreferrer noopener\">Unga vuxna med aktivitetsers\u00e4ttning \u2013 en behovsinventering, FK 2019<\/a><\/div>\n<\/div>\n<\/div>\n","protected":false},"excerpt":{"rendered":"<div class=\"entry-summary\">\n<div class=\"link-more-container\"><a href=\"https:\/\/finsamorebrolan.se\/lekeberg-orebro\/rapporter\/\" class=\"link-more\" aria-label=\"L\u00e4s mer Rapporter\">L\u00e4s mer &hellip;<\/a><\/div>\n<\/div>\n<div class=\"link-more-container\"><a href=\"https:\/\/finsamorebrolan.se\/lekeberg-orebro\/rapporter\/\" class=\"link-more\" aria-label=\"L\u00e4s mer Rapporter\">L\u00e4s mer &hellip;<\/a><\/div>\n","protected":false},"author":5,"featured_media":0,"parent":0,"menu_order":0,"comment_status":"closed","ping_status":"closed","template":"","meta":{"_crdt_document":"","_coblocks_attr":"","_coblocks_dimensions":"","_coblocks_responsive_height":"","_coblocks_accordion_ie_support":"","footnotes":""},"class_list":["post-1559","page","type-page","status-publish","hentry","entry","entry-type-page"],"_links":{"self":[{"href":"https:\/\/finsamorebrolan.se\/lekeberg-orebro\/wp-json\/wp\/v2\/pages\/1559","targetHints":{"allow":["GET"]}}],"collection":[{"href":"https:\/\/finsamorebrolan.se\/lekeberg-orebro\/wp-json\/wp\/v2\/pages"}],"about":[{"href":"https:\/\/finsamorebrolan.se\/lekeberg-orebro\/wp-json\/wp\/v2\/types\/page"}],"author":[{"embeddable":true,"href":"https:\/\/finsamorebrolan.se\/lekeberg-orebro\/wp-json\/wp\/v2\/users\/5"}],"replies":[{"embeddable":true,"href":"https:\/\/finsamorebrolan.se\/lekeberg-orebro\/wp-json\/wp\/v2\/comments?post=1559"}],"version-history":[{"count":0,"href":"https:\/\/finsamorebrolan.se\/lekeberg-orebro\/wp-json\/wp\/v2\/pages\/1559\/revisions"}],"wp:attachment":[{"href":"https:\/\/finsamorebrolan.se\/lekeberg-orebro\/wp-json\/wp\/v2\/media?parent=1559"}],"curies":[{"name":"wp","href":"https:\/\/api.w.org\/{rel}","templated":true}]}}