{"id":702,"date":"2023-01-08T01:11:14","date_gmt":"2023-01-08T00:11:14","guid":{"rendered":"https:\/\/finsamorebrolan.se\/lekeberg-orebro\/?page_id=702"},"modified":"2023-06-22T10:04:53","modified_gmt":"2023-06-22T08:04:53","slug":"ansokan-projektmedel","status":"publish","type":"page","link":"https:\/\/finsamorebrolan.se\/lekeberg-orebro\/ansokan-projektmedel\/","title":{"rendered":"Ans\u00f6kan finansiering av samverkansinsats"},"content":{"rendered":"\n<p class=\"wp-block-paragraph\" style=\"padding-top:0;padding-right:0;padding-bottom:0;padding-left:0\"><\/p>\n\n\n\n<p class=\"wp-block-paragraph\"><\/p>\n\n\n<div class=\"alignwide-wrap\" data-block=\"coblocks-row\">\n<div class=\"wp-block-coblocks-row alignwide coblocks-row-110105847250\" data-columns=\"1\" data-layout=\"100\"><div class=\"wp-block-coblocks-row__inner has-no-padding has-no-margin is-stacked-on-mobile has-medium-gutter\">\n<div class=\"wp-block-coblocks-column coblocks-column-110105854632\" style=\"width:100%\"><div class=\"wp-block-coblocks-column__inner has-no-padding has-no-margin\"><div class=\"alignwide-wrap\" data-block=\"columns\">\n<div class=\"wp-block-columns alignwide is-layout-flex wp-container-core-columns-is-layout-7387b849 wp-block-columns-is-layout-flex\">\n<div class=\"wp-block-column is-layout-flow wp-block-column-is-layout-flow\" style=\"flex-basis:66.66%\">\n<p class=\"wp-block-paragraph\">F\u00f6rbundsmedlemmar i Finsam Lekeberg och \u00d6rebro \u00e4r F\u00f6rs\u00e4kringskassan, Arbetsf\u00f6rmedlingen, Region \u00d6rebro l\u00e4n samt \u00d6rebro- och Lekebergs kommun. F\u00f6rbundet arbetar i enlighet med Lagen om finansiell samordning (2003:1210). Varje \u00e5r avs\u00e4tter f\u00f6rbundsmedlemmarna medel till insatser\/verksamheter av olika slag och nedan beskrivs hur dessa medel kan s\u00f6kas.<\/p>\n\n\n\n<p class=\"wp-block-paragraph\"><em>Insatserna inom den finansiella samordningen ska:<\/em><\/p>\n\n\n\n<ul class=\"wp-block-list\">\n<li><em>avse individer som \u00e4r i behov av samordnade rehabiliteringsinsatser och syfta till att dessa uppn\u00e5r eller f\u00f6rb\u00e4ttrar sin f\u00f6rm\u00e5ga att utf\u00f6ra f\u00f6rv\u00e4rvsarbete<\/em><\/li>\n\n\n\n<li><em>St\u00f6dja samverkan mellan samverkansparterna, I syfte att: uppn\u00e5 en effektiv resursanv\u00e4ndning<\/em><\/li>\n<\/ul>\n\n\n\n<p class=\"wp-block-paragraph\"><em><strong>&#8211; Lagen om finansiell samordning (2003:1210<\/strong>)<\/em><\/p>\n\n\n\n<figure class=\"wp-block-image size-full\"><img loading=\"lazy\" decoding=\"async\" width=\"300\" height=\"300\" src=\"https:\/\/finsamorebrolan.se\/lekeberg-orebro\/wp-content\/uploads\/sites\/2\/2023\/02\/Projektide.png\" alt=\"\" class=\"wp-image-1334\" \/><\/figure>\n<\/div>\n\n\n\n<div class=\"wp-block-column is-vertically-aligned-top is-layout-flow wp-block-column-is-layout-flow\" style=\"flex-basis:33.33%\">\n<div class=\"wp-block-file\"><a id=\"wp-block-file--media-8b9fb800-548d-4131-b039-69bf22f61dbc\" href=\"https:\/\/finsamorebrolan.se\/lekeberg-orebro\/wp-content\/uploads\/sites\/2\/2023\/06\/Mall-Ansokan-om-finansiering-av-samverkansinsats-Finsam-Lekeberg-och-Orebro-230614.docx\" target=\"_blank\" rel=\"noreferrer noopener\">Mall Ans\u00f6kan om finansiering av samverkansinsats<\/a><\/div>\n\n\n\n<div class=\"wp-block-file\"><a id=\"wp-block-file--media-6b875ec2-5840-4254-8259-ca63632c8aa2\" href=\"https:\/\/finsamorebrolan.se\/lekeberg-orebro\/wp-content\/uploads\/sites\/2\/2023\/06\/Finansieringspolicy-Finsam-Lekeberg-och-Orebro-230614.pdf\" target=\"_blank\" rel=\"noreferrer noopener\">Finansieringspolicy<\/a><\/div>\n<\/div>\n<\/div>\n<\/div><\/div><\/div>\n<\/div><\/div>\n<\/div>","protected":false},"excerpt":{"rendered":"<div class=\"entry-summary\">\n<div class=\"link-more-container\"><a href=\"https:\/\/finsamorebrolan.se\/lekeberg-orebro\/ansokan-projektmedel\/\" class=\"link-more\" aria-label=\"L\u00e4s mer Ans\u00f6kan finansiering av samverkansinsats\">L\u00e4s mer &hellip;<\/a><\/div>\n<\/div>\n<div class=\"link-more-container\"><a href=\"https:\/\/finsamorebrolan.se\/lekeberg-orebro\/ansokan-projektmedel\/\" class=\"link-more\" aria-label=\"L\u00e4s mer Ans\u00f6kan finansiering av samverkansinsats\">L\u00e4s mer &hellip;<\/a><\/div>\n","protected":false},"author":1,"featured_media":0,"parent":0,"menu_order":0,"comment_status":"closed","ping_status":"closed","template":"","meta":{"_crdt_document":"","_coblocks_attr":"","_coblocks_dimensions":"","_coblocks_responsive_height":"","_coblocks_accordion_ie_support":"","footnotes":""},"class_list":["post-702","page","type-page","status-publish","hentry","entry","entry-type-page"],"_links":{"self":[{"href":"https:\/\/finsamorebrolan.se\/lekeberg-orebro\/wp-json\/wp\/v2\/pages\/702","targetHints":{"allow":["GET"]}}],"collection":[{"href":"https:\/\/finsamorebrolan.se\/lekeberg-orebro\/wp-json\/wp\/v2\/pages"}],"about":[{"href":"https:\/\/finsamorebrolan.se\/lekeberg-orebro\/wp-json\/wp\/v2\/types\/page"}],"author":[{"embeddable":true,"href":"https:\/\/finsamorebrolan.se\/lekeberg-orebro\/wp-json\/wp\/v2\/users\/1"}],"replies":[{"embeddable":true,"href":"https:\/\/finsamorebrolan.se\/lekeberg-orebro\/wp-json\/wp\/v2\/comments?post=702"}],"version-history":[{"count":0,"href":"https:\/\/finsamorebrolan.se\/lekeberg-orebro\/wp-json\/wp\/v2\/pages\/702\/revisions"}],"wp:attachment":[{"href":"https:\/\/finsamorebrolan.se\/lekeberg-orebro\/wp-json\/wp\/v2\/media?parent=702"}],"curies":[{"name":"wp","href":"https:\/\/api.w.org\/{rel}","templated":true}]}}