{"id":594,"date":"2023-02-13T02:10:57","date_gmt":"2023-02-13T01:10:57","guid":{"rendered":"https:\/\/finsamorebrolan.se\/sydnarke\/?page_id=594"},"modified":"2026-03-25T19:33:36","modified_gmt":"2026-03-25T18:33:36","slug":"ars-och-delarsredovisning","status":"publish","type":"page","link":"https:\/\/finsamorebrolan.se\/sydnarke\/ars-och-delarsredovisning\/","title":{"rendered":"\u00c5rs- och del\u00e5rsredovisning"},"content":{"rendered":"\n<h2 class=\"wp-block-heading has-text-align-center\">2025<\/h2>\n\n\n<div class=\"alignwide-wrap\" data-block=\"columns\">\n<div class=\"wp-block-columns alignwide is-layout-flex wp-container-core-columns-is-layout-7387b849 wp-block-columns-is-layout-flex\">\n<div class=\"wp-block-column is-layout-flow wp-block-column-is-layout-flow\">\n<div class=\"wp-block-file\"><a id=\"wp-block-file--media-2f360871-6269-40b6-9f5e-1a18618cf2cc\" href=\"http:\/\/finsamorebrolan.se\/sydnarke\/wp-content\/uploads\/sites\/4\/2026\/03\/Arsredovisning-2025-Samordningsforbundet-Sydnarke.pdf\" target=\"_blank\" rel=\"noreferrer noopener\">\u00c5rsredovisning 2025<\/a><\/div>\n<\/div>\n\n\n\n<div class=\"wp-block-column is-layout-flow wp-block-column-is-layout-flow\">\n<div class=\"wp-block-file\"><a id=\"wp-block-file--media-cd430b14-1a3f-46c8-b6fb-305cbdd80076\" href=\"http:\/\/finsamorebrolan.se\/sydnarke\/wp-content\/uploads\/sites\/4\/2025\/10\/Delarsrapport-2025-Samordningsforbundet-Sydnarke.pdf\" target=\"_blank\" rel=\"noreferrer noopener\">Del\u00e5rsbokslut 2025<\/a><\/div>\n<\/div>\n<\/div>\n<\/div>\n\n\n<h2 class=\"wp-block-heading has-text-align-center\">2024<\/h2>\n\n\n<div class=\"alignwide-wrap\" data-block=\"columns\">\n<div class=\"wp-block-columns alignwide is-layout-flex wp-container-core-columns-is-layout-7387b849 wp-block-columns-is-layout-flex\">\n<div class=\"wp-block-column is-layout-flow wp-block-column-is-layout-flow\">\n<div class=\"wp-block-file\"><a id=\"wp-block-file--media-3d8db24c-0630-48f9-8f17-db76e164842a\" href=\"http:\/\/finsamorebrolan.se\/sydnarke\/wp-content\/uploads\/sites\/4\/2025\/04\/Signerad-arsredovisning-2024-Samordningsforbund-Sydnarke.pdf\" target=\"_blank\" rel=\"noreferrer noopener\">\u00c5rsredovisning 2024<\/a><\/div>\n<\/div>\n\n\n\n<div class=\"wp-block-column is-layout-flow wp-block-column-is-layout-flow\">\n<div class=\"wp-block-file\"><a id=\"wp-block-file--media-b874891a-1082-41a0-bd75-4f0f5f828d5b\" href=\"http:\/\/finsamorebrolan.se\/sydnarke\/wp-content\/uploads\/sites\/4\/2025\/04\/Delarsbokslut-2024-for-Samordningsforbundet-Sydnarke.pdf\" target=\"_blank\" rel=\"noreferrer noopener\">Del\u00e5rsbokslut 2024<\/a><\/div>\n<\/div>\n<\/div>\n<\/div>\n\n\n<h2 class=\"wp-block-heading has-text-align-center\">2023<\/h2>\n\n\n<div class=\"alignwide-wrap\" data-block=\"columns\">\n<div class=\"wp-block-columns alignwide is-layout-flex wp-container-core-columns-is-layout-7387b849 wp-block-columns-is-layout-flex\">\n<div class=\"wp-block-column is-layout-flow wp-block-column-is-layout-flow\">\n<div class=\"wp-block-file\"><a id=\"wp-block-file--media-d796b1d8-5c42-41b4-b4d4-2bf718138d23\" href=\"http:\/\/finsamorebrolan.se\/sydnarke\/wp-content\/uploads\/sites\/4\/2025\/03\/Arsredovisning-2023-Samordningsforbundet-Sydnarke.pdf\" target=\"_blank\" rel=\"noreferrer noopener\">\u00c5rsredovisning 2023<\/a><\/div>\n<\/div>\n\n\n\n<div class=\"wp-block-column is-layout-flow wp-block-column-is-layout-flow\">\n<div class=\"wp-block-file\"><a id=\"wp-block-file--media-384d89d4-fac6-4645-835e-21cd5bba3ee2\" href=\"http:\/\/finsamorebrolan.se\/sydnarke\/wp-content\/uploads\/sites\/4\/2025\/03\/Delarsbokslut-2023-Samordningsforbundet-Sydnarke.pdf\" target=\"_blank\" rel=\"noreferrer noopener\">Del\u00e5rsbokslut 2023<\/a><\/div>\n<\/div>\n<\/div>\n<\/div>\n\n\n<h2 class=\"wp-block-heading has-text-align-center\">2022<\/h2>\n\n\n<div class=\"alignwide-wrap\" data-block=\"columns\">\n<div class=\"wp-block-columns alignwide is-layout-flex wp-container-core-columns-is-layout-7387b849 wp-block-columns-is-layout-flex\">\n<div class=\"wp-block-column is-layout-flow wp-block-column-is-layout-flow\">\n<div class=\"wp-block-file\"><a id=\"wp-block-file--media-92f668c9-094f-45f0-a589-132681316c9a\" href=\"https:\/\/finsamorebrolan.se\/sydnarke\/wp-content\/uploads\/sites\/4\/2023\/04\/Arsredovisning-2022-Samordningsforbundet-Sydnarke.pdf\" target=\"_blank\" rel=\"noreferrer noopener\">\u00c5rsredovisning 2022<\/a><\/div>\n<\/div>\n\n\n\n<div class=\"wp-block-column is-layout-flow wp-block-column-is-layout-flow\">\n<div class=\"wp-block-file\"><a id=\"wp-block-file--media-68a79f9f-2e62-4585-844c-a7afb821ee0b\" href=\"https:\/\/finsamorebrolan.se\/sydnarke\/wp-content\/uploads\/sites\/4\/2023\/02\/Delarsbokslut_2022_Samordningsforbundet_Sydnarke.pdf\" target=\"_blank\" rel=\"noreferrer noopener\">Del\u00e5rsbokslut 2022<\/a><\/div>\n<\/div>\n<\/div>\n<\/div>\n\n\n<h2 class=\"wp-block-heading has-text-align-center\">2021<\/h2>\n\n\n<div class=\"alignwide-wrap\" data-block=\"columns\">\n<div class=\"wp-block-columns alignwide is-layout-flex wp-container-core-columns-is-layout-7387b849 wp-block-columns-is-layout-flex\">\n<div class=\"wp-block-column is-layout-flow wp-block-column-is-layout-flow\">\n<div class=\"wp-block-file\"><a id=\"wp-block-file--media-3508e41d-fea0-4875-aa31-5f7d7afdef7f\" href=\"https:\/\/finsamorebrolan.se\/sydnarke\/wp-content\/uploads\/sites\/4\/2023\/02\/Arsredovisning-2021.pdf\" target=\"_blank\" rel=\"noreferrer noopener\">\u00c5rsredovisning 2021<\/a><\/div>\n<\/div>\n\n\n\n<div class=\"wp-block-column is-layout-flow wp-block-column-is-layout-flow\">\n<div class=\"wp-block-file\"><a id=\"wp-block-file--media-ca37c97a-e11f-4bd6-8730-bf8318b94a10\" href=\"https:\/\/finsamorebrolan.se\/sydnarke\/wp-content\/uploads\/sites\/4\/2023\/02\/Delarsbokslut_2021_Samordningsforbundet_Sydnarke.pdf\" target=\"_blank\" rel=\"noreferrer noopener\">Del\u00e5rsbokslut 2021<\/a><\/div>\n<\/div>\n<\/div>\n<\/div>\n\n\n<h2 class=\"wp-block-heading has-text-align-center\">2020<\/h2>\n\n\n<div class=\"alignwide-wrap\" data-block=\"columns\">\n<div class=\"wp-block-columns alignwide is-layout-flex wp-container-core-columns-is-layout-7387b849 wp-block-columns-is-layout-flex\">\n<div class=\"wp-block-column is-layout-flow wp-block-column-is-layout-flow\">\n<div class=\"wp-block-file\"><a id=\"wp-block-file--media-f1d722f1-dcf6-4fa5-a76a-813779dcae54\" href=\"https:\/\/finsamorebrolan.se\/sydnarke\/wp-content\/uploads\/sites\/4\/2023\/02\/Arsredovisning_FINSAM_Sydnarke_2020_signerad.pdf\" target=\"_blank\" rel=\"noreferrer noopener\">\u00c5rsredovisning 2020<\/a><\/div>\n<\/div>\n\n\n\n<div class=\"wp-block-column is-layout-flow wp-block-column-is-layout-flow\">\n<div class=\"wp-block-file\"><a id=\"wp-block-file--media-b2e53b6d-c4ec-4f73-bdd3-1b4e25341a5f\" href=\"https:\/\/finsamorebrolan.se\/sydnarke\/wp-content\/uploads\/sites\/4\/2023\/02\/Delarsbokslut_2020.pdf\" target=\"_blank\" rel=\"noreferrer noopener\">Delarsbokslut 2020<\/a><\/div>\n<\/div>\n<\/div>\n<\/div>","protected":false},"excerpt":{"rendered":"<div class=\"entry-summary\">\n<div class=\"entry-summary\">\n2025 2024 2023 2022 2021 2020\n<\/div>\n<div class=\"link-more-container\"><a href=\"https:\/\/finsamorebrolan.se\/sydnarke\/ars-och-delarsredovisning\/\" class=\"link-more\" aria-label=\"L\u00e4s mer \u00c5rs- och del\u00e5rsredovisning\">L\u00e4s mer &hellip;<\/a><\/div>\n<\/div>\n<div class=\"link-more-container\"><a href=\"https:\/\/finsamorebrolan.se\/sydnarke\/ars-och-delarsredovisning\/\" class=\"link-more\" aria-label=\"L\u00e4s mer \u00c5rs- och del\u00e5rsredovisning\">L\u00e4s mer &hellip;<\/a><\/div>\n","protected":false},"author":1,"featured_media":0,"parent":0,"menu_order":0,"comment_status":"closed","ping_status":"closed","template":"","meta":{"_crdt_document":"","_coblocks_attr":"","_coblocks_dimensions":"","_coblocks_responsive_height":"","_coblocks_accordion_ie_support":"","footnotes":""},"class_list":["post-594","page","type-page","status-publish","hentry","entry","entry-type-page"],"_links":{"self":[{"href":"https:\/\/finsamorebrolan.se\/sydnarke\/wp-json\/wp\/v2\/pages\/594","targetHints":{"allow":["GET"]}}],"collection":[{"href":"https:\/\/finsamorebrolan.se\/sydnarke\/wp-json\/wp\/v2\/pages"}],"about":[{"href":"https:\/\/finsamorebrolan.se\/sydnarke\/wp-json\/wp\/v2\/types\/page"}],"author":[{"embeddable":true,"href":"https:\/\/finsamorebrolan.se\/sydnarke\/wp-json\/wp\/v2\/users\/1"}],"replies":[{"embeddable":true,"href":"https:\/\/finsamorebrolan.se\/sydnarke\/wp-json\/wp\/v2\/comments?post=594"}],"version-history":[{"count":1,"href":"https:\/\/finsamorebrolan.se\/sydnarke\/wp-json\/wp\/v2\/pages\/594\/revisions"}],"predecessor-version":[{"id":1314,"href":"https:\/\/finsamorebrolan.se\/sydnarke\/wp-json\/wp\/v2\/pages\/594\/revisions\/1314"}],"wp:attachment":[{"href":"https:\/\/finsamorebrolan.se\/sydnarke\/wp-json\/wp\/v2\/media?parent=594"}],"curies":[{"name":"wp","href":"https:\/\/api.w.org\/{rel}","templated":true}]}}